{"id":157,"date":"2023-03-22T17:47:50","date_gmt":"2023-03-22T17:47:50","guid":{"rendered":"https:\/\/marco-plate.de\/?page_id=157"},"modified":"2025-07-19T00:06:49","modified_gmt":"2025-07-19T00:06:49","slug":"mord-in-silenttown","status":"publish","type":"page","link":"https:\/\/marco-plate.de\/?page_id=157","title":{"rendered":"Kurzgeschichten"},"content":{"rendered":"\n<p><\/p>\n\n\n\n<p><a href=\"http:\/\/wattpad.com\/story\/337541673-mord-in-silenttown?utm_source=web&amp;utm_medium=twitter&amp;utm_content=share_myworks&amp;wp_uname=lejohnfrance&amp;wp_originator=WXsH7kiKOiLR7Vl2dZQ97%2BN3wFt51a%2FjzAHJtp2w5C8TMCsYcRZOIIpD8V4dvPyWDuUr%2FVGDPICsg6CE1uSzImRhLBy2adhfd%2FzFa3HaQDyMpMrxIU9x4hAbQYXKY%2FnV\" data-type=\"URL\" data-id=\"wattpad.com\/story\/337541673-mord-in-silenttown?utm_source=web&amp;utm_medium=twitter&amp;utm_content=share_myworks&amp;wp_uname=lejohnfrance&amp;wp_originator=WXsH7kiKOiLR7Vl2dZQ97%2BN3wFt51a%2FjzAHJtp2w5C8TMCsYcRZOIIpD8V4dvPyWDuUr%2FVGDPICsg6CE1uSzImRhLBy2adhfd%2FzFa3HaQDyMpMrxIU9x4hAbQYXKY%2FnV\" target=\"_blank\" rel=\"noreferrer noopener\">Link zum entstehenden Thriller &#8222;Mord in Silenttown&#8220; (einer Kurzgeschichte basierend auf &#8222;Herr der Steine&#8220; oder einer Fortsetzung des Romans &#8211; mal sehen, was es wird) auf wattpad<\/a><\/p>\n\n\n\n<p><a href=\"https:\/\/schreiblust-verlag.de\/mitmach-projekt\/schreibaufgabe-september-2019\/in-der-hoffnung-auf-entschuldigung\" data-type=\"URL\" data-id=\"https:\/\/schreiblust-verlag.de\/mitmach-projekt\/schreibaufgabe-september-2019\/in-der-hoffnung-auf-entschuldigung\" target=\"_blank\" rel=\"noreferrer noopener\">&#8222;Schwere Herzen&#8220; (Schreibaufgabe zu einem Bild)<\/a><\/p>\n\n\n\n<p><a href=\"https:\/\/schreiblust-verlag.de\/mitmach-projekt\/schreibaufgabe-dezember-2019\/erstens-kommt-es-anders-und-zweitens-als-man-denkt\" data-type=\"URL\" data-id=\"https:\/\/schreiblust-verlag.de\/mitmach-projekt\/schreibaufgabe-dezember-2019\/erstens-kommt-es-anders-und-zweitens-als-man-denkt\" target=\"_blank\" rel=\"noreferrer noopener\">&#8222;Erstens kommt es anders und zweitens als man denkt&#8220; (Schreibaufgabe zu einem Textschnipsel &#8211; Fortsetzung von &#8222;Schwere Herzen&#8220;)<\/a><\/p>\n\n\n\n<p><strong>Einige Ver\u00f6ffentlichungen:<\/strong><\/p>\n\n\n\n<p><a href=\"https:\/\/www.amazon.de\/Den-Wellen-gegen%C3%BCber-Erz%C3%A4hlungen-Gedichte\/dp\/3748166966\/ref=sr_1_1?__mk_de_DE=%C3%85M%C3%85%C5%BD%C3%95%C3%91&amp;crid=35N3F8ZAF297E&amp;keywords=den+wellen+gegen%C3%BCber&amp;qid=1684699155&amp;sprefix=den+wellen+gegen%C3%BCber%2Caps%2C76&amp;sr=8-1\" data-type=\"URL\" data-id=\"https:\/\/www.amazon.de\/Den-Wellen-gegen%C3%BCber-Erz%C3%A4hlungen-Gedichte\/dp\/3748166966\/ref=sr_1_1?__mk_de_DE=%C3%85M%C3%85%C5%BD%C3%95%C3%91&amp;crid=35N3F8ZAF297E&amp;keywords=den+wellen+gegen%C3%BCber&amp;qid=1684699155&amp;sprefix=den+wellen+gegen%C3%BCber%2Caps%2C76&amp;sr=8-1\" target=\"_blank\" rel=\"noreferrer noopener\">&#8222;Das Puzzleteil&#8220; (Blaue Erz\u00e4hlung), in: Den Wellen gegen\u00fcber<\/a><\/p>\n\n\n\n<p><a href=\"https:\/\/www.amazon.de\/Auf-Pfaden-Regenwald-Erz%C3%A4hlungen-Gedichte\/dp\/3755797526\/ref=sr_1_1?__mk_de_DE=%C3%85M%C3%85%C5%BD%C3%95%C3%91&amp;crid=1RZXC0RR5LZYL&amp;keywords=auf+pfaden+im+regenwald&amp;qid=1684699223&amp;sprefix=auf+pfaden+im+regenwald%2Caps%2C82&amp;sr=8-1\" data-type=\"URL\" data-id=\"https:\/\/www.amazon.de\/Auf-Pfaden-Regenwald-Erz%C3%A4hlungen-Gedichte\/dp\/3755797526\/ref=sr_1_1?__mk_de_DE=%C3%85M%C3%85%C5%BD%C3%95%C3%91&amp;crid=1RZXC0RR5LZYL&amp;keywords=auf+pfaden+im+regenwald&amp;qid=1684699223&amp;sprefix=auf+pfaden+im+regenwald%2Caps%2C82&amp;sr=8-1\" target=\"_blank\" rel=\"noreferrer noopener\">&#8222;G\u00e4rten&#8220; (Gr\u00fcne Erz\u00e4hlung), in: Auf Pfaden im Regenwald<\/a><\/p>\n\n\n\n<p><a href=\"https:\/\/buchshop.bod.de\/gambio-der-perfekte-tausch-9783758331350\">&#8222;Wecker&#8220; und &#8222;Arbeitseifer&#8220;, in: Vinylschuppen &#8211; Ein Schallplattenladen voller Tauschgeschichten<\/a><\/p>\n\n\n\n<p><a href=\"https:\/\/buchshop.bod.de\/spektakolo-eine-buehne-voller-tauschgeschichten-9783819298264\" data-type=\"link\" data-id=\"https:\/\/buchshop.bod.de\/spektakolo-eine-buehne-voller-tauschgeschichten-9783819298264\">&#8222;Berechnend&#8220;, &#8222;Familiensport&#8220;, &#8222;Dr. Haubentaucher&#8220;, &#8222;Oberb\u00fcrgermeister und Co&#8220;, in: Spektakolo \u2013 Eine B\u00fchne voller Tauschgeschichten<\/a><\/p>\n\n\n\n<p><\/p>\n","protected":false},"excerpt":{"rendered":"<p>Link zum entstehenden Thriller &#8222;Mord in Silenttown&#8220; (einer Kurzgeschichte basierend auf &#8222;Herr der Steine&#8220; oder einer Fortsetzung des Romans &#8211; mal sehen, was es wird) auf wattpad &#8222;Schwere Herzen&#8220; (Schreibaufgabe zu einem Bild) &#8222;Erstens kommt es anders und zweitens als man denkt&#8220; (Schreibaufgabe zu einem Textschnipsel &#8211; Fortsetzung von &#8222;Schwere Herzen&#8220;) Einige Ver\u00f6ffentlichungen: &#8222;Das Puzzleteil&#8220; [&hellip;]<\/p>\n","protected":false},"author":1,"featured_media":0,"parent":0,"menu_order":0,"comment_status":"closed","ping_status":"closed","template":"","meta":{"footnotes":""},"class_list":["post-157","page","type-page","status-publish","hentry","post-preview"],"_links":{"self":[{"href":"https:\/\/marco-plate.de\/index.php?rest_route=\/wp\/v2\/pages\/157","targetHints":{"allow":["GET"]}}],"collection":[{"href":"https:\/\/marco-plate.de\/index.php?rest_route=\/wp\/v2\/pages"}],"about":[{"href":"https:\/\/marco-plate.de\/index.php?rest_route=\/wp\/v2\/types\/page"}],"author":[{"embeddable":true,"href":"https:\/\/marco-plate.de\/index.php?rest_route=\/wp\/v2\/users\/1"}],"replies":[{"embeddable":true,"href":"https:\/\/marco-plate.de\/index.php?rest_route=%2Fwp%2Fv2%2Fcomments&post=157"}],"version-history":[{"count":9,"href":"https:\/\/marco-plate.de\/index.php?rest_route=\/wp\/v2\/pages\/157\/revisions"}],"predecessor-version":[{"id":221,"href":"https:\/\/marco-plate.de\/index.php?rest_route=\/wp\/v2\/pages\/157\/revisions\/221"}],"wp:attachment":[{"href":"https:\/\/marco-plate.de\/index.php?rest_route=%2Fwp%2Fv2%2Fmedia&parent=157"}],"curies":[{"name":"wp","href":"https:\/\/api.w.org\/{rel}","templated":true}]}}